{"id":13,"date":"2026-01-19T09:26:24","date_gmt":"2026-01-19T09:26:24","guid":{"rendered":"https:\/\/aloehyvinvointi.fi\/?page_id=13"},"modified":"2026-03-31T18:11:20","modified_gmt":"2026-03-31T18:11:20","slug":"etusivu","status":"publish","type":"page","link":"https:\/\/aloehyvinvointi.fi\/","title":{"rendered":"Etusivu"},"content":{"rendered":"\t\t<div data-elementor-type=\"wp-page\" data-elementor-id=\"13\" class=\"elementor elementor-13\">\n\t\t\t\t<div class=\"elementor-element elementor-element-1a338b1 e-con-full e-flex wpr-particle-no wpr-jarallax-no wpr-parallax-no wpr-sticky-section-no wpr-equal-height-no e-con e-parent\" data-id=\"1a338b1\" data-element_type=\"container\" data-e-type=\"container\">\n\t\t\t\t<div class=\"elementor-element elementor-element-e12e2a0 elementor-widget elementor-widget-image\" data-id=\"e12e2a0\" data-element_type=\"widget\" data-e-type=\"widget\" data-widget_type=\"image.default\">\n\t\t\t\t\t\t\t\t\t\t\t\t\t\t\t<img fetchpriority=\"high\" decoding=\"async\" width=\"1920\" height=\"600\" src=\"https:\/\/aloehyvinvointi.fi\/wp-content\/uploads\/2026\/03\/Aloe-Vera-jokaiseen-paivaan.png\" class=\"attachment-full size-full wp-image-448\" alt=\"\" srcset=\"https:\/\/aloehyvinvointi.fi\/wp-content\/uploads\/2026\/03\/Aloe-Vera-jokaiseen-paivaan.png 1920w, https:\/\/aloehyvinvointi.fi\/wp-content\/uploads\/2026\/03\/Aloe-Vera-jokaiseen-paivaan-300x94.png 300w, https:\/\/aloehyvinvointi.fi\/wp-content\/uploads\/2026\/03\/Aloe-Vera-jokaiseen-paivaan-1024x320.png 1024w, https:\/\/aloehyvinvointi.fi\/wp-content\/uploads\/2026\/03\/Aloe-Vera-jokaiseen-paivaan-768x240.png 768w, https:\/\/aloehyvinvointi.fi\/wp-content\/uploads\/2026\/03\/Aloe-Vera-jokaiseen-paivaan-1536x480.png 1536w\" sizes=\"(max-width: 1920px) 100vw, 1920px\" \/>\t\t\t\t\t\t\t\t\t\t\t\t\t\t\t<\/div>\n\t\t\t\t<\/div>\n\t\t<div class=\"elementor-element elementor-element-a897773 e-flex e-con-boxed wpr-particle-no wpr-jarallax-no wpr-parallax-no wpr-sticky-section-no wpr-equal-height-no e-con e-parent\" data-id=\"a897773\" data-element_type=\"container\" data-e-type=\"container\">\n\t\t\t\t\t<div class=\"e-con-inner\">\n\t\t<div class=\"elementor-element elementor-element-fc1a7f1 e-con-full e-flex wpr-particle-no wpr-jarallax-no wpr-parallax-no wpr-sticky-section-no wpr-equal-height-no e-con e-child\" data-id=\"fc1a7f1\" data-element_type=\"container\" data-e-type=\"container\">\n\t\t\t\t<div class=\"elementor-element elementor-element-075af74 elementor-widget elementor-widget-image\" data-id=\"075af74\" data-element_type=\"widget\" data-e-type=\"widget\" data-widget_type=\"image.default\">\n\t\t\t\t\t\t\t\t\t\t\t\t\t\t\t<img decoding=\"async\" width=\"1024\" height=\"1536\" src=\"https:\/\/aloehyvinvointi.fi\/wp-content\/uploads\/2025\/11\/Aloevera-kasvi.png\" class=\"attachment-full size-full wp-image-105\" alt=\"\" srcset=\"https:\/\/aloehyvinvointi.fi\/wp-content\/uploads\/2025\/11\/Aloevera-kasvi.png 1024w, https:\/\/aloehyvinvointi.fi\/wp-content\/uploads\/2025\/11\/Aloevera-kasvi-200x300.png 200w, https:\/\/aloehyvinvointi.fi\/wp-content\/uploads\/2025\/11\/Aloevera-kasvi-683x1024.png 683w, https:\/\/aloehyvinvointi.fi\/wp-content\/uploads\/2025\/11\/Aloevera-kasvi-768x1152.png 768w\" sizes=\"(max-width: 1024px) 100vw, 1024px\" \/>\t\t\t\t\t\t\t\t\t\t\t\t\t\t\t<\/div>\n\t\t\t\t<\/div>\n\t\t<div class=\"elementor-element elementor-element-685b06e e-con-full e-flex wpr-particle-no wpr-jarallax-no wpr-parallax-no wpr-sticky-section-no wpr-equal-height-no e-con e-child\" data-id=\"685b06e\" data-element_type=\"container\" data-e-type=\"container\">\n\t\t\t\t<div class=\"elementor-element elementor-element-59e79b4 elementor-widget elementor-widget-text-editor\" data-id=\"59e79b4\" data-element_type=\"widget\" data-e-type=\"widget\" data-widget_type=\"text-editor.default\">\n\t\t\t\t\t\t\t\t\t<h2 data-section-id=\"1yjjt62\" data-start=\"1349\" data-end=\"1379\">Mihin aloe veraa k\u00e4ytet\u00e4\u00e4n?<\/h2><p data-start=\"1381\" data-end=\"1510\">Aloe veraa k\u00e4ytet\u00e4\u00e4n erityisesti tuotteissa, joiden tarkoitus on kosteuttaa, rauhoittaa ja hoitaa.<\/p><h3 data-section-id=\"1kyfbph\" data-start=\"1512\" data-end=\"1538\">Aloe vera ihonhoidossa<\/h3><p data-start=\"1539\" data-end=\"1801\">Aloe vera on suosittu ainesosa geeleiss\u00e4, voiteissa ja kasvojenhoitotuotteissa. Sit\u00e4 k\u00e4ytet\u00e4\u00e4n, kun iho kaipaa kosteutta, pehmeytt\u00e4 ja miellytt\u00e4v\u00e4\u00e4 hoitoa. Aloe vera sopii hyvin p\u00e4ivitt\u00e4iseen ihonhoitoon, kun haluat pit\u00e4\u00e4 ihon raikkaan ja hyvinvoivan tuntuisena.<\/p><h3 data-section-id=\"fdt3r1\" data-start=\"1803\" data-end=\"1832\">Aloe vera hiustenhoidossa<\/h3><p data-start=\"1833\" data-end=\"2087\">Aloe veraa k\u00e4ytet\u00e4\u00e4n my\u00f6s shampoissa, hoitoaineissa ja muissa hiustenhoitotuotteissa. Sen avulla hiukset ja hiuspohja saavat kosteuttavaa hoivaa. T\u00e4m\u00e4 tekee aloe verasta suositun valinnan silloin, kun halutaan lis\u00e4t\u00e4 hiusten pehmeytt\u00e4 ja hoidetun tuntua.<\/p><h3 data-section-id=\"qzf9up\" data-start=\"2089\" data-end=\"2124\">Aloe vera hyvinvointituotteissa<\/h3><p data-start=\"2125\" data-end=\"2340\">Aloe veraa k\u00e4ytet\u00e4\u00e4n my\u00f6s juotavissa tuotteissa osana p\u00e4ivitt\u00e4ist\u00e4 hyvinvointia. Moni valitsee aloe vera -tuotteen, koska haluaa tuoda arkeen luonnollisen tuntuisen lis\u00e4n, joka sopii osaksi omaa hyvinvointirutiinia.<\/p><h2 data-section-id=\"122d259\" data-start=\"2342\" data-end=\"2375\">Miksi valita aloe vera -tuote?<\/h2><p data-start=\"2377\" data-end=\"2757\">Aloe vera -tuote on hyv\u00e4 valinta silloin, kun etsit tuotetta, joka yhdist\u00e4\u00e4 hoitavuuden, monik\u00e4ytt\u00f6isyyden ja miellytt\u00e4v\u00e4n k\u00e4ytt\u00f6kokemuksen. Aloe veran suosio ei ole sattumaa, sill\u00e4 se sopii moneen. Kun haluat kosteuttavaa hoivaa iholle, hiuksille tai luonnollisen osan hyvinvointiin, aloe vera tarjoaa siihen hyv\u00e4n vaihtoehdon. Aloe vera kiinnostaa siksi, ett\u00e4 sen k\u00e4ytt\u00f6 on helppo liitt\u00e4\u00e4 osaksi p\u00e4ivitt\u00e4ist\u00e4 rutiinia. Se on ainesosa, joka tuo tuotteisiin hoitavaa tunnetta ja tekee omasta hyvinvoinnista hieman helpompaa ja miellytt\u00e4v\u00e4mp\u00e4\u00e4 joka p\u00e4iv\u00e4.<\/p>\t\t\t\t\t\t\t\t<\/div>\n\t\t\t\t<\/div>\n\t\t\t\t\t<\/div>\n\t\t\t\t<\/div>\n\t\t<div class=\"elementor-element elementor-element-dfc4c01 e-flex e-con-boxed wpr-particle-no wpr-jarallax-no wpr-parallax-no wpr-sticky-section-no wpr-equal-height-no e-con e-parent\" data-id=\"dfc4c01\" data-element_type=\"container\" data-e-type=\"container\">\n\t\t\t\t\t<div class=\"e-con-inner\">\n\t\t\t\t<div class=\"elementor-element elementor-element-833ec27 elementor-widget-divider--view-line_icon elementor-widget__width-inherit elementor-widget-divider--separator-type-pattern elementor-widget-divider--no-spacing elementor-view-default elementor-widget-divider--element-align-center elementor-widget elementor-widget-divider\" data-id=\"833ec27\" data-element_type=\"widget\" data-e-type=\"widget\" data-widget_type=\"divider.default\">\n\t\t\t\t\t\t\t<div class=\"elementor-divider\" style=\"--divider-pattern-url: url(&quot;data:image\/svg+xml,%3Csvg xmlns=&#039;http:\/\/www.w3.org\/2000\/svg&#039; preserveAspectRatio=&#039;xMidYMid meet&#039; overflow=&#039;visible&#039; height=&#039;100%&#039; viewBox=&#039;0 0 126 26&#039; fill=&#039;black&#039; stroke=&#039;none&#039;%3E%3Cpath d=&#039;M3,10.2c2.6,0,2.6,2,2.6,3.2S4.4,16.5,3,16.5s-3-1.4-3-3.2S0.4,10.2,3,10.2z M18.8,10.2c1.7,0,3.2,1.4,3.2,3.2s-1.4,3.2-3.2,3.2c-1.7,0-3.2-1.4-3.2-3.2S17,10.2,18.8,10.2z M34.6,10.2c1.5,0,2.6,1.4,2.6,3.2s-0.5,3.2-1.9,3.2c-1.5,0-3.4-1.4-3.4-3.2S33.1,10.2,34.6,10.2z M50.5,10.2c1.7,0,3.2,1.4,3.2,3.2s-1.4,3.2-3.2,3.2c-1.7,0-3.3-0.9-3.3-2.6S48.7,10.2,50.5,10.2z M66.2,10.2c1.5,0,3.4,1.4,3.4,3.2s-1.9,3.2-3.4,3.2c-1.5,0-2.6-0.4-2.6-2.1S64.8,10.2,66.2,10.2z M82.2,10.2c1.7,0.8,2.6,1.4,2.6,3.2s-0.1,3.2-1.6,3.2c-1.5,0-3.7-1.4-3.7-3.2S80.5,9.4,82.2,10.2zM98.6,10.2c1.5,0,2.6,0.4,2.6,2.1s-1.2,4.2-2.6,4.2c-1.5,0-3.7-0.4-3.7-2.1S97.1,10.2,98.6,10.2z M113.4,10.2c1.2,0,2.2,0.9,2.2,3.2s-0.1,3.2-1.3,3.2s-3.1-1.4-3.1-3.2S112.2,10.2,113.4,10.2z&#039;\/%3E%3C\/svg%3E&quot;);\">\n\t\t\t<span class=\"elementor-divider-separator\">\n\t\t\t\t\t\t\t<div class=\"elementor-icon elementor-divider__element\">\n\t\t\t\t\t<svg aria-hidden=\"true\" class=\"e-font-icon-svg e-fas-star\" viewBox=\"0 0 576 512\" xmlns=\"http:\/\/www.w3.org\/2000\/svg\"><path d=\"M259.3 17.8L194 150.2 47.9 171.5c-26.2 3.8-36.7 36.1-17.7 54.6l105.7 103-25 145.5c-4.5 26.3 23.2 46 46.4 33.7L288 439.6l130.7 68.7c23.2 12.2 50.9-7.4 46.4-33.7l-25-145.5 105.7-103c19-18.5 8.5-50.8-17.7-54.6L382 150.2 316.7 17.8c-11.7-23.6-45.6-23.9-57.4 0z\"><\/path><\/svg><\/div>\n\t\t\t\t\t\t<\/span>\n\t\t<\/div>\n\t\t\t\t\t\t<\/div>\n\t\t\t\t\t<\/div>\n\t\t\t\t<\/div>\n\t\t<div class=\"elementor-element elementor-element-6d9e6bb e-flex e-con-boxed wpr-particle-no wpr-jarallax-no wpr-parallax-no wpr-sticky-section-no wpr-equal-height-no e-con e-parent\" data-id=\"6d9e6bb\" data-element_type=\"container\" data-e-type=\"container\">\n\t\t\t\t\t<div class=\"e-con-inner\">\n\t\t<div class=\"elementor-element elementor-element-23242fd e-con-full e-flex wpr-particle-no wpr-jarallax-no wpr-parallax-no wpr-sticky-section-no wpr-equal-height-no e-con e-child\" data-id=\"23242fd\" data-element_type=\"container\" data-e-type=\"container\">\n\t\t\t\t<div class=\"elementor-element elementor-element-4461f15 elementor-widget elementor-widget-text-editor\" data-id=\"4461f15\" data-element_type=\"widget\" data-e-type=\"widget\" data-widget_type=\"text-editor.default\">\n\t\t\t\t\t\t\t\t\t<h2><strong>Tie kest\u00e4v\u00e4\u00e4n painonhallintaan ja terveyteen<\/strong><\/h2>\n<p>9-p\u00e4iv\u00e4inen ohjelma, joka auttaa muuttamaan ruokailutottumuksia ja omaksumaan terveellisemm\u00e4n el\u00e4m\u00e4ntyylin.&nbsp;Ensimm\u00e4inen askel kohti onnistumista ovat oikeat valmistelut. T\u00e4ss\u00e4 muutamia t\u00e4rkeit\u00e4 vaiheita, jotka auttavat sinua onnistumaan C9-matkallasi.<\/p>\n<p><h3><strong>VINKKEJ\u00c4<\/strong><\/h3><b>1) <\/b>Punnitse ja mittaa itsesi. Kirjoita muistiin mittasi ennen aamiaista C9-ohjelman aloitusp\u00e4iv\u00e4n\u00e4. Kirjoita mitat muistiin uudelleen ennen aamiaista C9-ohjelman lopettamisen j\u00e4lkeisen\u00e4 p\u00e4iv\u00e4n\u00e4.<\/p>\n<p><b>2) <\/b>Pid\u00e4 kirjaa p\u00e4ivitt\u00e4isest\u00e4 liikunnasta, sy\u00f6misist\u00e4si ja voinnistasi ohjelman aikana. Kuuntele kehoasi ja vointiasi, se auttaa sinua ohjelman suorittamisessa.<\/p>\n<p><b>3)<\/b> Juo paljon vett\u00e4. Kun juot kahdeksan lasillista (noin 2 litraa) vett\u00e4 p\u00e4iv\u00e4ss\u00e4, tunnet olosi kyll\u00e4isemm\u00e4ksi ja autat kehoasi poistamaan kuona-aineita samalla kun tuet ihosi ihanteellista hyvinvointia.<\/p>\n<p><b>4)<\/b> Tarkkaile suolan k\u00e4ytt\u00f6\u00e4. Suola sitoo nestett\u00e4. Mausta ruoka sen sijaan yrteill\u00e4<br>ja mausteilla, kuten inkiv\u00e4\u00e4rill\u00e4, valkosipulilla, basilikalla, kanelilla, rosmariinilla,<br>timjamilla ja kurkumalla.<\/p>\t\t\t\t\t\t\t\t<\/div>\n\t\t\t\t<div class=\"elementor-element elementor-element-44797c1 elementor-widget elementor-widget-button\" data-id=\"44797c1\" data-element_type=\"widget\" data-e-type=\"widget\" data-widget_type=\"button.default\">\n\t\t\t\t\t\t\t\t\t\t<a class=\"elementor-button elementor-button-link elementor-size-sm\" href=\"https:\/\/foreverliving.com\/shop\/fin\/fi-fi\/weight-management\">\n\t\t\t\t\t\t<span class=\"elementor-button-content-wrapper\">\n\t\t\t\t\t\t\t\t\t<span class=\"elementor-button-text\">Osta t\u00e4st\u00e4<\/span>\n\t\t\t\t\t<\/span>\n\t\t\t\t\t<\/a>\n\t\t\t\t\t\t\t\t<\/div>\n\t\t\t\t<\/div>\n\t\t<div class=\"elementor-element elementor-element-b06b04e e-con-full e-flex wpr-particle-no wpr-jarallax-no wpr-parallax-no wpr-sticky-section-no wpr-equal-height-no e-con e-child\" data-id=\"b06b04e\" data-element_type=\"container\" data-e-type=\"container\">\n\t\t\t\t<div class=\"elementor-element elementor-element-fa25d4c elementor-widget elementor-widget-image\" data-id=\"fa25d4c\" data-element_type=\"widget\" data-e-type=\"widget\" data-widget_type=\"image.default\">\n\t\t\t\t\t\t\t\t\t\t\t\t\t\t\t<img decoding=\"async\" width=\"1024\" height=\"1024\" src=\"https:\/\/aloehyvinvointi.fi\/wp-content\/uploads\/2026\/01\/Forever_C9_Berry_Vanilla-1024x1024.png\" class=\"attachment-large size-large wp-image-68\" alt=\"\" srcset=\"https:\/\/aloehyvinvointi.fi\/wp-content\/uploads\/2026\/01\/Forever_C9_Berry_Vanilla-1024x1024.png 1024w, https:\/\/aloehyvinvointi.fi\/wp-content\/uploads\/2026\/01\/Forever_C9_Berry_Vanilla-300x300.png 300w, https:\/\/aloehyvinvointi.fi\/wp-content\/uploads\/2026\/01\/Forever_C9_Berry_Vanilla-150x150.png 150w, https:\/\/aloehyvinvointi.fi\/wp-content\/uploads\/2026\/01\/Forever_C9_Berry_Vanilla-768x768.png 768w, https:\/\/aloehyvinvointi.fi\/wp-content\/uploads\/2026\/01\/Forever_C9_Berry_Vanilla-1536x1536.png 1536w, https:\/\/aloehyvinvointi.fi\/wp-content\/uploads\/2026\/01\/Forever_C9_Berry_Vanilla-2048x2048.png 2048w\" sizes=\"(max-width: 1024px) 100vw, 1024px\" \/>\t\t\t\t\t\t\t\t\t\t\t\t\t\t\t<\/div>\n\t\t\t\t<\/div>\n\t\t\t\t\t<\/div>\n\t\t\t\t<\/div>\n\t\t<div class=\"elementor-element elementor-element-3140031 e-flex e-con-boxed wpr-particle-no wpr-jarallax-no wpr-parallax-no wpr-sticky-section-no wpr-equal-height-no e-con e-parent\" data-id=\"3140031\" data-element_type=\"container\" data-e-type=\"container\">\n\t\t\t\t\t<div class=\"e-con-inner\">\n\t\t\t\t<div class=\"elementor-element elementor-element-1360b1d elementor-widget-divider--view-line_icon elementor-widget__width-inherit elementor-widget-divider--separator-type-pattern elementor-widget-divider--no-spacing elementor-view-default elementor-widget-divider--element-align-center elementor-widget elementor-widget-divider\" data-id=\"1360b1d\" data-element_type=\"widget\" data-e-type=\"widget\" data-widget_type=\"divider.default\">\n\t\t\t\t\t\t\t<div class=\"elementor-divider\" style=\"--divider-pattern-url: url(&quot;data:image\/svg+xml,%3Csvg xmlns=&#039;http:\/\/www.w3.org\/2000\/svg&#039; preserveAspectRatio=&#039;xMidYMid meet&#039; overflow=&#039;visible&#039; height=&#039;100%&#039; viewBox=&#039;0 0 126 26&#039; fill=&#039;black&#039; stroke=&#039;none&#039;%3E%3Cpath d=&#039;M3,10.2c2.6,0,2.6,2,2.6,3.2S4.4,16.5,3,16.5s-3-1.4-3-3.2S0.4,10.2,3,10.2z M18.8,10.2c1.7,0,3.2,1.4,3.2,3.2s-1.4,3.2-3.2,3.2c-1.7,0-3.2-1.4-3.2-3.2S17,10.2,18.8,10.2z M34.6,10.2c1.5,0,2.6,1.4,2.6,3.2s-0.5,3.2-1.9,3.2c-1.5,0-3.4-1.4-3.4-3.2S33.1,10.2,34.6,10.2z M50.5,10.2c1.7,0,3.2,1.4,3.2,3.2s-1.4,3.2-3.2,3.2c-1.7,0-3.3-0.9-3.3-2.6S48.7,10.2,50.5,10.2z M66.2,10.2c1.5,0,3.4,1.4,3.4,3.2s-1.9,3.2-3.4,3.2c-1.5,0-2.6-0.4-2.6-2.1S64.8,10.2,66.2,10.2z M82.2,10.2c1.7,0.8,2.6,1.4,2.6,3.2s-0.1,3.2-1.6,3.2c-1.5,0-3.7-1.4-3.7-3.2S80.5,9.4,82.2,10.2zM98.6,10.2c1.5,0,2.6,0.4,2.6,2.1s-1.2,4.2-2.6,4.2c-1.5,0-3.7-0.4-3.7-2.1S97.1,10.2,98.6,10.2z M113.4,10.2c1.2,0,2.2,0.9,2.2,3.2s-0.1,3.2-1.3,3.2s-3.1-1.4-3.1-3.2S112.2,10.2,113.4,10.2z&#039;\/%3E%3C\/svg%3E&quot;);\">\n\t\t\t<span class=\"elementor-divider-separator\">\n\t\t\t\t\t\t\t<div class=\"elementor-icon elementor-divider__element\">\n\t\t\t\t\t<svg aria-hidden=\"true\" class=\"e-font-icon-svg e-fas-star\" viewBox=\"0 0 576 512\" xmlns=\"http:\/\/www.w3.org\/2000\/svg\"><path d=\"M259.3 17.8L194 150.2 47.9 171.5c-26.2 3.8-36.7 36.1-17.7 54.6l105.7 103-25 145.5c-4.5 26.3 23.2 46 46.4 33.7L288 439.6l130.7 68.7c23.2 12.2 50.9-7.4 46.4-33.7l-25-145.5 105.7-103c19-18.5 8.5-50.8-17.7-54.6L382 150.2 316.7 17.8c-11.7-23.6-45.6-23.9-57.4 0z\"><\/path><\/svg><\/div>\n\t\t\t\t\t\t<\/span>\n\t\t<\/div>\n\t\t\t\t\t\t<\/div>\n\t\t\t\t\t<\/div>\n\t\t\t\t<\/div>\n\t\t<div class=\"elementor-element elementor-element-a323f09 e-flex e-con-boxed wpr-particle-no wpr-jarallax-no wpr-parallax-no wpr-sticky-section-no wpr-equal-height-no e-con e-parent\" data-id=\"a323f09\" data-element_type=\"container\" data-e-type=\"container\">\n\t\t\t\t\t<div class=\"e-con-inner\">\n\t\t<div class=\"elementor-element elementor-element-140b9dd e-con-full e-flex wpr-particle-no wpr-jarallax-no wpr-parallax-no wpr-sticky-section-no wpr-equal-height-no e-con e-child\" data-id=\"140b9dd\" data-element_type=\"container\" data-e-type=\"container\">\n\t\t\t\t<div class=\"elementor-element elementor-element-fd70f45 elementor-widget elementor-widget-image\" data-id=\"fd70f45\" data-element_type=\"widget\" data-e-type=\"widget\" data-widget_type=\"image.default\">\n\t\t\t\t\t\t\t\t\t\t\t\t\t\t\t<img loading=\"lazy\" decoding=\"async\" width=\"1024\" height=\"1024\" src=\"https:\/\/aloehyvinvointi.fi\/wp-content\/uploads\/2026\/01\/Forever_DX4-1024x1024.png\" class=\"attachment-large size-large wp-image-71\" alt=\"\" srcset=\"https:\/\/aloehyvinvointi.fi\/wp-content\/uploads\/2026\/01\/Forever_DX4-1024x1024.png 1024w, https:\/\/aloehyvinvointi.fi\/wp-content\/uploads\/2026\/01\/Forever_DX4-300x300.png 300w, https:\/\/aloehyvinvointi.fi\/wp-content\/uploads\/2026\/01\/Forever_DX4-150x150.png 150w, https:\/\/aloehyvinvointi.fi\/wp-content\/uploads\/2026\/01\/Forever_DX4-768x768.png 768w, https:\/\/aloehyvinvointi.fi\/wp-content\/uploads\/2026\/01\/Forever_DX4-1536x1536.png 1536w, https:\/\/aloehyvinvointi.fi\/wp-content\/uploads\/2026\/01\/Forever_DX4-2048x2048.png 2048w\" sizes=\"(max-width: 1024px) 100vw, 1024px\" \/>\t\t\t\t\t\t\t\t\t\t\t\t\t\t\t<\/div>\n\t\t\t\t<\/div>\n\t\t<div class=\"elementor-element elementor-element-4c8474d e-con-full e-flex wpr-particle-no wpr-jarallax-no wpr-parallax-no wpr-sticky-section-no wpr-equal-height-no e-con e-child\" data-id=\"4c8474d\" data-element_type=\"container\" data-e-type=\"container\">\n\t\t\t\t<div class=\"elementor-element elementor-element-970c65f elementor-widget elementor-widget-text-editor\" data-id=\"970c65f\" data-element_type=\"widget\" data-e-type=\"widget\" data-widget_type=\"text-editor.default\">\n\t\t\t\t\t\t\t\t\t<h2 data-section-id=\"rqwrdp\" data-start=\"31\" data-end=\"69\">DX4 \u2013 uusi alku keholle ja mielelle<\/h2><p data-start=\"71\" data-end=\"347\">DX4 on 4 p\u00e4iv\u00e4n hyvinvointiohjelma, joka tukee kehon ja mielen tasapainoa. Ohjelma auttaa katkaisemaan huonoja tottumuksia, vahvistamaan hyvinvointia ja aloittamaan uuden suunnan arjessa. Saat tukea omien tavoitteiden asettamiseen sek\u00e4 niiden saavuttamiseen ja yll\u00e4pit\u00e4miseen.<\/p><p data-start=\"349\" data-end=\"578\">DX4 sopii aikuisille, jotka haluavat panostaa kokonaisvaltaiseen hyvinvointiin. Ohjelma sis\u00e4lt\u00e4\u00e4 oppaan, mindfulness-harjoituksia, ravintolisi\u00e4, Forever Aloe Vera Gel -juomaa sek\u00e4 maustetun proteiinijuoman ilman lis\u00e4tty\u00e4 sokeria.<\/p><p data-start=\"580\" data-end=\"597\">Pakkaus sis\u00e4lt\u00e4\u00e4:<\/p><ul data-start=\"598\" data-end=\"748\"><li data-section-id=\"14gkx4b\" data-start=\"598\" data-end=\"618\">Forever Therm Plus<\/li><li data-section-id=\"xczo3f\" data-start=\"619\" data-end=\"636\">Forever DuoPure<\/li><li data-section-id=\"3o4k29\" data-start=\"637\" data-end=\"657\">Forever Multi Fizz<\/li><li data-section-id=\"1hbh6my\" data-start=\"658\" data-end=\"678\">Forever LemonBlast<\/li><li data-section-id=\"1synbii\" data-start=\"679\" data-end=\"700\">Forever Sensatiable<\/li><li data-section-id=\"z4clwr\" data-start=\"701\" data-end=\"724\">Forever Plant Protein<\/li><li data-section-id=\"n4fdfi\" data-start=\"725\" data-end=\"748\">Forever Aloe Vera Gel<\/li><\/ul>\t\t\t\t\t\t\t\t<\/div>\n\t\t\t\t<div class=\"elementor-element elementor-element-04d7155 elementor-widget elementor-widget-button\" data-id=\"04d7155\" data-element_type=\"widget\" data-e-type=\"widget\" data-widget_type=\"button.default\">\n\t\t\t\t\t\t\t\t\t\t<a class=\"elementor-button elementor-button-link elementor-size-sm\" href=\"https:\/\/foreverliving.com\/shop\/fin\/fi-fi\/products\/weight-management\/659-DX4\">\n\t\t\t\t\t\t<span class=\"elementor-button-content-wrapper\">\n\t\t\t\t\t\t\t\t\t<span class=\"elementor-button-text\">Osta t\u00e4st\u00e4<\/span>\n\t\t\t\t\t<\/span>\n\t\t\t\t\t<\/a>\n\t\t\t\t\t\t\t\t<\/div>\n\t\t\t\t<\/div>\n\t\t\t\t\t<\/div>\n\t\t\t\t<\/div>\n\t\t\t\t<\/div>\n\t\t","protected":false},"excerpt":{"rendered":"<p>Mihin aloe veraa k\u00e4ytet\u00e4\u00e4n? Aloe veraa k\u00e4ytet\u00e4\u00e4n erityisesti tuotteissa, joiden tarkoitus on kosteuttaa, rauhoittaa ja hoitaa. Aloe vera ihonhoidossa Aloe vera on suosittu ainesosa geeleiss\u00e4, voiteissa ja kasvojenhoitotuotteissa. Sit\u00e4 k\u00e4ytet\u00e4\u00e4n, kun iho kaipaa kosteutta, pehmeytt\u00e4 ja miellytt\u00e4v\u00e4\u00e4 hoitoa. Aloe vera sopii hyvin p\u00e4ivitt\u00e4iseen ihonhoitoon, kun haluat pit\u00e4\u00e4 ihon raikkaan ja hyvinvoivan tuntuisena. Aloe vera hiustenhoidossa Aloe veraa k\u00e4ytet\u00e4\u00e4n my\u00f6s shampoissa, hoitoaineissa ja muissa hiustenhoitotuotteissa. Sen avulla hiukset ja hiuspohja saavat kosteuttavaa hoivaa. T\u00e4m\u00e4 tekee aloe verasta suositun valinnan silloin, kun halutaan lis\u00e4t\u00e4 hiusten pehmeytt\u00e4 ja hoidetun tuntua. Aloe vera hyvinvointituotteissa Aloe veraa k\u00e4ytet\u00e4\u00e4n my\u00f6s juotavissa tuotteissa osana p\u00e4ivitt\u00e4ist\u00e4 hyvinvointia. Moni valitsee aloe vera -tuotteen, koska haluaa tuoda arkeen luonnollisen tuntuisen lis\u00e4n, joka sopii osaksi omaa hyvinvointirutiinia. Miksi valita aloe vera -tuote? Aloe vera -tuote on hyv\u00e4 valinta silloin, kun etsit tuotetta, joka yhdist\u00e4\u00e4 hoitavuuden, monik\u00e4ytt\u00f6isyyden ja miellytt\u00e4v\u00e4n k\u00e4ytt\u00f6kokemuksen. Aloe veran suosio ei ole sattumaa, sill\u00e4 se sopii moneen. Kun haluat kosteuttavaa hoivaa iholle, hiuksille tai luonnollisen osan hyvinvointiin, aloe vera tarjoaa siihen hyv\u00e4n vaihtoehdon. Aloe vera kiinnostaa siksi, ett\u00e4 sen k\u00e4ytt\u00f6 on helppo liitt\u00e4\u00e4 osaksi p\u00e4ivitt\u00e4ist\u00e4 rutiinia. Se on ainesosa, joka tuo tuotteisiin hoitavaa tunnetta ja tekee omasta hyvinvoinnista hieman helpompaa ja miellytt\u00e4v\u00e4mp\u00e4\u00e4 joka p\u00e4iv\u00e4. Tie kest\u00e4v\u00e4\u00e4n painonhallintaan ja terveyteen 9-p\u00e4iv\u00e4inen ohjelma, joka auttaa muuttamaan ruokailutottumuksia ja omaksumaan terveellisemm\u00e4n el\u00e4m\u00e4ntyylin.&nbsp;Ensimm\u00e4inen askel kohti onnistumista ovat oikeat valmistelut. T\u00e4ss\u00e4 muutamia t\u00e4rkeit\u00e4 vaiheita, jotka auttavat sinua onnistumaan C9-matkallasi. VINKKEJ\u00c4 1) Punnitse ja mittaa itsesi. Kirjoita muistiin mittasi ennen aamiaista C9-ohjelman aloitusp\u00e4iv\u00e4n\u00e4. Kirjoita mitat muistiin uudelleen ennen aamiaista C9-ohjelman lopettamisen j\u00e4lkeisen\u00e4 p\u00e4iv\u00e4n\u00e4. 2) Pid\u00e4 kirjaa p\u00e4ivitt\u00e4isest\u00e4 liikunnasta, sy\u00f6misist\u00e4si ja voinnistasi ohjelman aikana. Kuuntele kehoasi ja vointiasi, se auttaa sinua ohjelman suorittamisessa. 3) Juo paljon vett\u00e4. Kun juot kahdeksan lasillista (noin 2 litraa) vett\u00e4 p\u00e4iv\u00e4ss\u00e4, tunnet olosi kyll\u00e4isemm\u00e4ksi ja autat kehoasi poistamaan kuona-aineita samalla kun tuet ihosi ihanteellista hyvinvointia. 4) Tarkkaile suolan k\u00e4ytt\u00f6\u00e4. Suola sitoo nestett\u00e4. Mausta ruoka sen sijaan yrteill\u00e4ja mausteilla, kuten inkiv\u00e4\u00e4rill\u00e4, valkosipulilla, basilikalla, kanelilla, rosmariinilla,timjamilla ja kurkumalla. Osta t\u00e4st\u00e4 DX4 \u2013 uusi alku keholle ja mielelle DX4 on 4 p\u00e4iv\u00e4n hyvinvointiohjelma, joka tukee kehon ja mielen tasapainoa. Ohjelma auttaa katkaisemaan huonoja tottumuksia, vahvistamaan hyvinvointia ja aloittamaan uuden suunnan arjessa. Saat tukea omien tavoitteiden asettamiseen sek\u00e4 niiden saavuttamiseen ja yll\u00e4pit\u00e4miseen. DX4 sopii aikuisille, jotka haluavat panostaa kokonaisvaltaiseen hyvinvointiin. Ohjelma sis\u00e4lt\u00e4\u00e4 oppaan, mindfulness-harjoituksia, ravintolisi\u00e4, Forever Aloe Vera Gel -juomaa sek\u00e4 maustetun proteiinijuoman ilman lis\u00e4tty\u00e4 sokeria. Pakkaus sis\u00e4lt\u00e4\u00e4: Forever Therm Plus Forever DuoPure Forever Multi Fizz Forever LemonBlast Forever Sensatiable Forever Plant Protein Forever Aloe Vera Gel Osta t\u00e4st\u00e4<\/p>\n","protected":false},"author":1,"featured_media":0,"parent":0,"menu_order":0,"comment_status":"closed","ping_status":"closed","template":"","meta":{"footnotes":""},"class_list":["post-13","page","type-page","status-publish","hentry","entry"],"_links":{"self":[{"href":"https:\/\/aloehyvinvointi.fi\/index.php\/wp-json\/wp\/v2\/pages\/13","targetHints":{"allow":["GET"]}}],"collection":[{"href":"https:\/\/aloehyvinvointi.fi\/index.php\/wp-json\/wp\/v2\/pages"}],"about":[{"href":"https:\/\/aloehyvinvointi.fi\/index.php\/wp-json\/wp\/v2\/types\/page"}],"author":[{"embeddable":true,"href":"https:\/\/aloehyvinvointi.fi\/index.php\/wp-json\/wp\/v2\/users\/1"}],"replies":[{"embeddable":true,"href":"https:\/\/aloehyvinvointi.fi\/index.php\/wp-json\/wp\/v2\/comments?post=13"}],"version-history":[{"count":120,"href":"https:\/\/aloehyvinvointi.fi\/index.php\/wp-json\/wp\/v2\/pages\/13\/revisions"}],"predecessor-version":[{"id":659,"href":"https:\/\/aloehyvinvointi.fi\/index.php\/wp-json\/wp\/v2\/pages\/13\/revisions\/659"}],"wp:attachment":[{"href":"https:\/\/aloehyvinvointi.fi\/index.php\/wp-json\/wp\/v2\/media?parent=13"}],"curies":[{"name":"wp","href":"https:\/\/api.w.org\/{rel}","templated":true}]}}